{"id":494,"date":"2025-03-08T12:48:10","date_gmt":"2025-03-08T11:48:10","guid":{"rendered":"https:\/\/kaaniassistance.com\/?page_id=494"},"modified":"2025-03-08T19:28:04","modified_gmt":"2025-03-08T18:28:04","slug":"devenir-benevole","status":"publish","type":"page","link":"https:\/\/kaaniassistance.com\/index.php\/devenir-benevole\/","title":{"rendered":"Devenir membre"},"content":{"rendered":"\t\t<div data-elementor-type=\"wp-page\" data-elementor-id=\"494\" class=\"elementor elementor-494\">\n\t\t\t\t\t\t<section class=\"elementor-section elementor-top-section elementor-element elementor-element-ndny4q7 elementor-section-content-middle elementor-section-boxed elementor-section-height-default elementor-section-height-default wpr-particle-no wpr-jarallax-no wpr-parallax-no wpr-sticky-section-no wpr-equal-height-no\" data-id=\"ndny4q7\" data-element_type=\"section\" data-e-type=\"section\" data-settings=\"{&quot;background_background&quot;:&quot;classic&quot;}\">\n\t\t\t\t\t\t\t<div class=\"elementor-background-overlay\"><\/div>\n\t\t\t\t\t\t\t<div class=\"elementor-container elementor-column-gap-no\">\n\t\t\t\t\t<div class=\"elementor-column elementor-col-100 elementor-top-column elementor-element elementor-element-f69add9\" data-id=\"f69add9\" data-element_type=\"column\" data-e-type=\"column\">\n\t\t\t<div class=\"elementor-widget-wrap elementor-element-populated\">\n\t\t\t\t\t\t<div class=\"elementor-element elementor-element-8b7d1ee elementor-widget elementor-widget-image\" data-id=\"8b7d1ee\" data-element_type=\"widget\" data-e-type=\"widget\" data-widget_type=\"image.default\">\n\t\t\t\t<div class=\"elementor-widget-container\">\n\t\t\t\t\t\t\t\t\t\t\t\t\t\t\t<img fetchpriority=\"high\" decoding=\"async\" width=\"1080\" height=\"715\" src=\"https:\/\/kaaniassistance.com\/wp-content\/uploads\/2025\/03\/TYBT9563.jpg\" class=\"attachment-full size-full wp-image-632\" alt=\"\" srcset=\"https:\/\/kaaniassistance.com\/wp-content\/uploads\/2025\/03\/TYBT9563.jpg 1080w, https:\/\/kaaniassistance.com\/wp-content\/uploads\/2025\/03\/TYBT9563-300x199.jpg 300w, https:\/\/kaaniassistance.com\/wp-content\/uploads\/2025\/03\/TYBT9563-1024x678.jpg 1024w, https:\/\/kaaniassistance.com\/wp-content\/uploads\/2025\/03\/TYBT9563-768x508.jpg 768w\" sizes=\"(max-width: 1080px) 100vw, 1080px\" \/>\t\t\t\t\t\t\t\t\t\t\t\t\t\t\t<\/div>\n\t\t\t\t<\/div>\n\t\t\t\t<div class=\"elementor-element elementor-element-0c78bee elementor-widget elementor-widget-heading\" data-id=\"0c78bee\" data-element_type=\"widget\" data-e-type=\"widget\" data-widget_type=\"heading.default\">\n\t\t\t\t<div class=\"elementor-widget-container\">\n\t\t\t\t\t<h2 class=\"elementor-heading-title elementor-size-default\">Rejoignez Kaani Assistance et engagez-vous b\u00e9n\u00e9volement !<\/h2>\t\t\t\t<\/div>\n\t\t\t\t<\/div>\n\t\t\t\t<div class=\"elementor-element elementor-element-a261244 elementor-widget elementor-widget-text-editor\" data-id=\"a261244\" data-element_type=\"widget\" data-e-type=\"widget\" data-widget_type=\"text-editor.default\">\n\t\t\t\t<div class=\"elementor-widget-container\">\n\t\t\t\t\t\t\t\t\t<p>En devenant b\u00e9n\u00e9vole au sein de Kaani Assistance, vous aurez l&rsquo;opportunit\u00e9 de contribuer activement \u00e0 nos actions en faveur des droits des femmes, des jeunes filles, des enfants et de l&rsquo;engagement communautaire. Selon vos comp\u00e9tences et disponibilit\u00e9s, vous pourrez participer \u00e0 diverses missions\u00a0:<\/p>\t\t\t\t\t\t\t\t<\/div>\n\t\t\t\t<\/div>\n\t\t\t\t<div class=\"elementor-element elementor-element-9b09be6 elementor-widget elementor-widget-text-editor\" data-id=\"9b09be6\" data-element_type=\"widget\" data-e-type=\"widget\" data-widget_type=\"text-editor.default\">\n\t\t\t\t<div class=\"elementor-widget-container\">\n\t\t\t\t\t\t\t\t\t<ul><li><strong>R\u00e9unions de planification<\/strong> : prenez part aux discussions strat\u00e9giques pour orienter nos actions.<\/li><li><strong>Ateliers de formation<\/strong> : partagez vos connaissances ou d\u00e9veloppez de nouvelles comp\u00e9tences.<\/li><li><strong>Animation de clubs de r\u00e9flexion<\/strong> : \u00e9changez et d\u00e9battez sur des th\u00e9matiques essentielles.<\/li><li><strong>Journ\u00e9es portes ouvertes<\/strong> : aidez \u00e0 accueillir et informer le public sur nos initiatives.<\/li><li><strong>Campagnes de sensibilisation<\/strong> : participez \u00e0 des actions sur le terrain pour informer et mobiliser la communaut\u00e9.<\/li><li><strong>R\u00e9daction d&rsquo;articles de blog<\/strong> : contribuez \u00e0 la visibilit\u00e9 de notre cause en partageant nos engagements.<\/li><li><strong>Soutien aux t\u00e2ches administratives<\/strong> : aidez au bon fonctionnement de l&rsquo;association.<\/li><li><strong>Communication sur les r\u00e9seaux sociaux<\/strong> : relayez nos messages et engagez notre communaut\u00e9 en ligne<\/li><\/ul>\t\t\t\t\t\t\t\t<\/div>\n\t\t\t\t<\/div>\n\t\t\t\t<div class=\"elementor-element elementor-element-bd507ad elementor-widget elementor-widget-text-editor\" data-id=\"bd507ad\" data-element_type=\"widget\" data-e-type=\"widget\" data-widget_type=\"text-editor.default\">\n\t\t\t\t<div class=\"elementor-widget-container\">\n\t\t\t\t\t\t\t\t\t<p>Chaque geste compte ! Rejoignez-nous et faites la diff\u00e9rence.<\/p>\t\t\t\t\t\t\t\t<\/div>\n\t\t\t\t<\/div>\n\t\t\t\t<div class=\"elementor-element elementor-element-d99dcee elementor-align-left elementor-widget elementor-widget-button\" data-id=\"d99dcee\" data-element_type=\"widget\" data-e-type=\"widget\" data-widget_type=\"button.default\">\n\t\t\t\t<div class=\"elementor-widget-container\">\n\t\t\t\t\t\t\t\t\t<div class=\"elementor-button-wrapper\">\n\t\t\t\t\t<a class=\"elementor-button elementor-button-link elementor-size-sm\" href=\"https:\/\/docs.google.com\/forms\/d\/e\/1FAIpQLSfEQgWEx8TuR6w6478A1TZZq0FNDnrHuaCLCf9FceHGHVNNew\/viewform?usp=header\" target=\"_blank\">\n\t\t\t\t\t\t<span class=\"elementor-button-content-wrapper\">\n\t\t\t\t\t\t<span class=\"elementor-button-icon\">\n\t\t\t\t<i aria-hidden=\"true\" class=\"fab fa-wpforms\"><\/i>\t\t\t<\/span>\n\t\t\t\t\t\t\t\t\t<span class=\"elementor-button-text\">Remplir le formulaire<\/span>\n\t\t\t\t\t<\/span>\n\t\t\t\t\t<\/a>\n\t\t\t\t<\/div>\n\t\t\t\t\t\t\t\t<\/div>\n\t\t\t\t<\/div>\n\t\t\t\t\t<\/div>\n\t\t<\/div>\n\t\t\t\t\t<\/div>\n\t\t<\/section>\n\t\t\t\t<\/div>\n\t\t","protected":false},"excerpt":{"rendered":"<p>Rejoignez Kaani Assistance et engagez-vous b\u00e9n\u00e9volement ! En devenant b\u00e9n\u00e9vole au sein de Kaani Assistance, vous aurez l&rsquo;opportunit\u00e9 de contribuer activement \u00e0 nos actions en faveur des droits des femmes, des jeunes filles, des enfants et de l&rsquo;engagement communautaire. Selon vos comp\u00e9tences et disponibilit\u00e9s, vous pourrez participer \u00e0 diverses missions\u00a0: R\u00e9unions de planification : prenez part aux discussions strat\u00e9giques pour orienter nos actions. Ateliers de formation : partagez vos connaissances ou d\u00e9veloppez de nouvelles comp\u00e9tences. Animation de clubs de r\u00e9flexion : \u00e9changez et d\u00e9battez sur des th\u00e9matiques essentielles. Journ\u00e9es portes ouvertes : aidez \u00e0 accueillir et informer le public sur nos initiatives. Campagnes de sensibilisation : participez \u00e0 des actions sur le terrain pour informer et mobiliser la communaut\u00e9. R\u00e9daction d&rsquo;articles de blog : contribuez \u00e0 la visibilit\u00e9 de notre cause en partageant nos engagements. Soutien aux t\u00e2ches administratives : aidez au bon fonctionnement de l&rsquo;association. Communication sur les r\u00e9seaux sociaux : relayez nos messages et engagez notre communaut\u00e9 en ligne Chaque geste compte ! Rejoignez-nous et faites la diff\u00e9rence. Remplir le formulaire<\/p>\n","protected":false},"author":1,"featured_media":0,"parent":0,"menu_order":0,"comment_status":"closed","ping_status":"closed","template":"","meta":{"give_campaign_id":0,"site-sidebar-layout":"no-sidebar","site-content-layout":"page-builder","ast-site-content-layout":"full-width-container","site-content-style":"default","site-sidebar-style":"default","ast-global-header-display":"","ast-banner-title-visibility":"","ast-main-header-display":"","ast-hfb-above-header-display":"","ast-hfb-below-header-display":"","ast-hfb-mobile-header-display":"","site-post-title":"disabled","ast-breadcrumbs-content":"","ast-featured-img":"disabled","footer-sml-layout":"","theme-transparent-header-meta":"","adv-header-id-meta":"","stick-header-meta":"","header-above-stick-meta":"","header-main-stick-meta":"","header-below-stick-meta":"","astra-migrate-meta-layouts":"set","ast-page-background-enabled":"default","ast-page-background-meta":{"desktop":{"background-color":"var(--ast-global-color-4)","background-image":"","background-repeat":"repeat","background-position":"center center","background-size":"auto","background-attachment":"scroll","background-type":"","background-media":"","overlay-type":"","overlay-color":"","overlay-gradient":""},"tablet":{"background-color":"","background-image":"","background-repeat":"repeat","background-position":"center center","background-size":"auto","background-attachment":"scroll","background-type":"","background-media":"","overlay-type":"","overlay-color":"","overlay-gradient":""},"mobile":{"background-color":"","background-image":"","background-repeat":"repeat","background-position":"center center","background-size":"auto","background-attachment":"scroll","background-type":"","background-media":"","overlay-type":"","overlay-color":"","overlay-gradient":""}},"ast-content-background-meta":{"desktop":{"background-color":"var(--ast-global-color-5)","background-image":"","background-repeat":"repeat","background-position":"center center","background-size":"auto","background-attachment":"scroll","background-type":"","background-media":"","overlay-type":"","overlay-color":"","overlay-gradient":""},"tablet":{"background-color":"var(--ast-global-color-5)","background-image":"","background-repeat":"repeat","background-position":"center center","background-size":"auto","background-attachment":"scroll","background-type":"","background-media":"","overlay-type":"","overlay-color":"","overlay-gradient":""},"mobile":{"background-color":"var(--ast-global-color-5)","background-image":"","background-repeat":"repeat","background-position":"center center","background-size":"auto","background-attachment":"scroll","background-type":"","background-media":"","overlay-type":"","overlay-color":"","overlay-gradient":""}},"footnotes":""},"class_list":["post-494","page","type-page","status-publish","hentry"],"yoast_head":"<!-- This site is optimized with the Yoast SEO plugin v27.6 - https:\/\/yoast.com\/product\/yoast-seo-wordpress\/ -->\n<title>Devenir membre - Kaani Assistance<\/title>\n<meta name=\"robots\" content=\"noindex, follow, max-snippet:-1, max-image-preview:large, max-video-preview:-1\" \/>\n<meta property=\"og:locale\" content=\"fr_FR\" \/>\n<meta property=\"og:type\" content=\"article\" \/>\n<meta property=\"og:title\" content=\"Devenir membre - Kaani Assistance\" \/>\n<meta property=\"og:description\" content=\"Rejoignez Kaani Assistance et engagez-vous b\u00e9n\u00e9volement ! En devenant b\u00e9n\u00e9vole au sein de Kaani Assistance, vous aurez l&rsquo;opportunit\u00e9 de contribuer activement \u00e0 nos actions en faveur des droits des femmes, des jeunes filles, des enfants et de l&rsquo;engagement communautaire. Selon vos comp\u00e9tences et disponibilit\u00e9s, vous pourrez participer \u00e0 diverses missions\u00a0: R\u00e9unions de planification : prenez part aux discussions strat\u00e9giques pour orienter nos actions. Ateliers de formation : partagez vos connaissances ou d\u00e9veloppez de nouvelles comp\u00e9tences. Animation de clubs de r\u00e9flexion : \u00e9changez et d\u00e9battez sur des th\u00e9matiques essentielles. Journ\u00e9es portes ouvertes : aidez \u00e0 accueillir et informer le public sur nos initiatives. Campagnes de sensibilisation : participez \u00e0 des actions sur le terrain pour informer et mobiliser la communaut\u00e9. R\u00e9daction d&rsquo;articles de blog : contribuez \u00e0 la visibilit\u00e9 de notre cause en partageant nos engagements. Soutien aux t\u00e2ches administratives : aidez au bon fonctionnement de l&rsquo;association. Communication sur les r\u00e9seaux sociaux : relayez nos messages et engagez notre communaut\u00e9 en ligne Chaque geste compte ! Rejoignez-nous et faites la diff\u00e9rence. Remplir le formulaire\" \/>\n<meta property=\"og:url\" content=\"https:\/\/kaaniassistance.com\/index.php\/devenir-benevole\/\" \/>\n<meta property=\"og:site_name\" content=\"Kaani Assistance\" \/>\n<meta property=\"article:modified_time\" content=\"2025-03-08T18:28:04+00:00\" \/>\n<meta property=\"og:image\" content=\"https:\/\/kaaniassistance.com\/wp-content\/uploads\/2025\/03\/TYBT9563.jpg\" \/>\n\t<meta property=\"og:image:width\" content=\"1080\" \/>\n\t<meta property=\"og:image:height\" content=\"715\" \/>\n\t<meta property=\"og:image:type\" content=\"image\/jpeg\" \/>\n<meta name=\"twitter:card\" content=\"summary_large_image\" \/>\n<meta name=\"twitter:label1\" content=\"Dur\u00e9e de lecture estim\u00e9e\" \/>\n\t<meta name=\"twitter:data1\" content=\"2 minutes\" \/>\n<script type=\"application\/ld+json\" class=\"yoast-schema-graph\">{\"@context\":\"https:\\\/\\\/schema.org\",\"@graph\":[{\"@type\":\"WebPage\",\"@id\":\"https:\\\/\\\/kaaniassistance.com\\\/index.php\\\/devenir-benevole\\\/\",\"url\":\"https:\\\/\\\/kaaniassistance.com\\\/index.php\\\/devenir-benevole\\\/\",\"name\":\"Devenir membre - Kaani Assistance\",\"isPartOf\":{\"@id\":\"https:\\\/\\\/kaaniassistance.com\\\/#website\"},\"primaryImageOfPage\":{\"@id\":\"https:\\\/\\\/kaaniassistance.com\\\/index.php\\\/devenir-benevole\\\/#primaryimage\"},\"image\":{\"@id\":\"https:\\\/\\\/kaaniassistance.com\\\/index.php\\\/devenir-benevole\\\/#primaryimage\"},\"thumbnailUrl\":\"https:\\\/\\\/kaaniassistance.com\\\/wp-content\\\/uploads\\\/2025\\\/03\\\/TYBT9563.jpg\",\"datePublished\":\"2025-03-08T11:48:10+00:00\",\"dateModified\":\"2025-03-08T18:28:04+00:00\",\"breadcrumb\":{\"@id\":\"https:\\\/\\\/kaaniassistance.com\\\/index.php\\\/devenir-benevole\\\/#breadcrumb\"},\"inLanguage\":\"fr-FR\",\"potentialAction\":[{\"@type\":\"ReadAction\",\"target\":[\"https:\\\/\\\/kaaniassistance.com\\\/index.php\\\/devenir-benevole\\\/\"]}]},{\"@type\":\"ImageObject\",\"inLanguage\":\"fr-FR\",\"@id\":\"https:\\\/\\\/kaaniassistance.com\\\/index.php\\\/devenir-benevole\\\/#primaryimage\",\"url\":\"https:\\\/\\\/kaaniassistance.com\\\/wp-content\\\/uploads\\\/2025\\\/03\\\/TYBT9563.jpg\",\"contentUrl\":\"https:\\\/\\\/kaaniassistance.com\\\/wp-content\\\/uploads\\\/2025\\\/03\\\/TYBT9563.jpg\",\"width\":1080,\"height\":715},{\"@type\":\"BreadcrumbList\",\"@id\":\"https:\\\/\\\/kaaniassistance.com\\\/index.php\\\/devenir-benevole\\\/#breadcrumb\",\"itemListElement\":[{\"@type\":\"ListItem\",\"position\":1,\"name\":\"Accueil\",\"item\":\"https:\\\/\\\/kaaniassistance.com\\\/\"},{\"@type\":\"ListItem\",\"position\":2,\"name\":\"Devenir membre\"}]},{\"@type\":\"WebSite\",\"@id\":\"https:\\\/\\\/kaaniassistance.com\\\/#website\",\"url\":\"https:\\\/\\\/kaaniassistance.com\\\/\",\"name\":\"Kaani Assistance\",\"description\":\"\",\"publisher\":{\"@id\":\"https:\\\/\\\/kaaniassistance.com\\\/#organization\"},\"potentialAction\":[{\"@type\":\"SearchAction\",\"target\":{\"@type\":\"EntryPoint\",\"urlTemplate\":\"https:\\\/\\\/kaaniassistance.com\\\/?s={search_term_string}\"},\"query-input\":{\"@type\":\"PropertyValueSpecification\",\"valueRequired\":true,\"valueName\":\"search_term_string\"}}],\"inLanguage\":\"fr-FR\"},{\"@type\":\"Organization\",\"@id\":\"https:\\\/\\\/kaaniassistance.com\\\/#organization\",\"name\":\"Kaani Assistance\",\"url\":\"https:\\\/\\\/kaaniassistance.com\\\/\",\"logo\":{\"@type\":\"ImageObject\",\"inLanguage\":\"fr-FR\",\"@id\":\"https:\\\/\\\/kaaniassistance.com\\\/#\\\/schema\\\/logo\\\/image\\\/\",\"url\":\"https:\\\/\\\/kaaniassistance.com\\\/wp-content\\\/uploads\\\/2023\\\/02\\\/cropped-HR-sans-fond-01.png\",\"contentUrl\":\"https:\\\/\\\/kaaniassistance.com\\\/wp-content\\\/uploads\\\/2023\\\/02\\\/cropped-HR-sans-fond-01.png\",\"width\":1241,\"height\":612,\"caption\":\"Kaani Assistance\"},\"image\":{\"@id\":\"https:\\\/\\\/kaaniassistance.com\\\/#\\\/schema\\\/logo\\\/image\\\/\"}}]}<\/script>\n<!-- \/ Yoast SEO plugin. -->","yoast_head_json":{"title":"Devenir membre - Kaani Assistance","robots":{"index":"noindex","follow":"follow","max-snippet":"max-snippet:-1","max-image-preview":"max-image-preview:large","max-video-preview":"max-video-preview:-1"},"og_locale":"fr_FR","og_type":"article","og_title":"Devenir membre - Kaani Assistance","og_description":"Rejoignez Kaani Assistance et engagez-vous b\u00e9n\u00e9volement ! En devenant b\u00e9n\u00e9vole au sein de Kaani Assistance, vous aurez l&rsquo;opportunit\u00e9 de contribuer activement \u00e0 nos actions en faveur des droits des femmes, des jeunes filles, des enfants et de l&rsquo;engagement communautaire. Selon vos comp\u00e9tences et disponibilit\u00e9s, vous pourrez participer \u00e0 diverses missions\u00a0: R\u00e9unions de planification : prenez part aux discussions strat\u00e9giques pour orienter nos actions. Ateliers de formation : partagez vos connaissances ou d\u00e9veloppez de nouvelles comp\u00e9tences. Animation de clubs de r\u00e9flexion : \u00e9changez et d\u00e9battez sur des th\u00e9matiques essentielles. Journ\u00e9es portes ouvertes : aidez \u00e0 accueillir et informer le public sur nos initiatives. Campagnes de sensibilisation : participez \u00e0 des actions sur le terrain pour informer et mobiliser la communaut\u00e9. R\u00e9daction d&rsquo;articles de blog : contribuez \u00e0 la visibilit\u00e9 de notre cause en partageant nos engagements. Soutien aux t\u00e2ches administratives : aidez au bon fonctionnement de l&rsquo;association. Communication sur les r\u00e9seaux sociaux : relayez nos messages et engagez notre communaut\u00e9 en ligne Chaque geste compte ! Rejoignez-nous et faites la diff\u00e9rence. Remplir le formulaire","og_url":"https:\/\/kaaniassistance.com\/index.php\/devenir-benevole\/","og_site_name":"Kaani Assistance","article_modified_time":"2025-03-08T18:28:04+00:00","og_image":[{"width":1080,"height":715,"url":"https:\/\/kaaniassistance.com\/wp-content\/uploads\/2025\/03\/TYBT9563.jpg","type":"image\/jpeg"}],"twitter_card":"summary_large_image","twitter_misc":{"Dur\u00e9e de lecture estim\u00e9e":"2 minutes"},"schema":{"@context":"https:\/\/schema.org","@graph":[{"@type":"WebPage","@id":"https:\/\/kaaniassistance.com\/index.php\/devenir-benevole\/","url":"https:\/\/kaaniassistance.com\/index.php\/devenir-benevole\/","name":"Devenir membre - Kaani Assistance","isPartOf":{"@id":"https:\/\/kaaniassistance.com\/#website"},"primaryImageOfPage":{"@id":"https:\/\/kaaniassistance.com\/index.php\/devenir-benevole\/#primaryimage"},"image":{"@id":"https:\/\/kaaniassistance.com\/index.php\/devenir-benevole\/#primaryimage"},"thumbnailUrl":"https:\/\/kaaniassistance.com\/wp-content\/uploads\/2025\/03\/TYBT9563.jpg","datePublished":"2025-03-08T11:48:10+00:00","dateModified":"2025-03-08T18:28:04+00:00","breadcrumb":{"@id":"https:\/\/kaaniassistance.com\/index.php\/devenir-benevole\/#breadcrumb"},"inLanguage":"fr-FR","potentialAction":[{"@type":"ReadAction","target":["https:\/\/kaaniassistance.com\/index.php\/devenir-benevole\/"]}]},{"@type":"ImageObject","inLanguage":"fr-FR","@id":"https:\/\/kaaniassistance.com\/index.php\/devenir-benevole\/#primaryimage","url":"https:\/\/kaaniassistance.com\/wp-content\/uploads\/2025\/03\/TYBT9563.jpg","contentUrl":"https:\/\/kaaniassistance.com\/wp-content\/uploads\/2025\/03\/TYBT9563.jpg","width":1080,"height":715},{"@type":"BreadcrumbList","@id":"https:\/\/kaaniassistance.com\/index.php\/devenir-benevole\/#breadcrumb","itemListElement":[{"@type":"ListItem","position":1,"name":"Accueil","item":"https:\/\/kaaniassistance.com\/"},{"@type":"ListItem","position":2,"name":"Devenir membre"}]},{"@type":"WebSite","@id":"https:\/\/kaaniassistance.com\/#website","url":"https:\/\/kaaniassistance.com\/","name":"Kaani Assistance","description":"","publisher":{"@id":"https:\/\/kaaniassistance.com\/#organization"},"potentialAction":[{"@type":"SearchAction","target":{"@type":"EntryPoint","urlTemplate":"https:\/\/kaaniassistance.com\/?s={search_term_string}"},"query-input":{"@type":"PropertyValueSpecification","valueRequired":true,"valueName":"search_term_string"}}],"inLanguage":"fr-FR"},{"@type":"Organization","@id":"https:\/\/kaaniassistance.com\/#organization","name":"Kaani Assistance","url":"https:\/\/kaaniassistance.com\/","logo":{"@type":"ImageObject","inLanguage":"fr-FR","@id":"https:\/\/kaaniassistance.com\/#\/schema\/logo\/image\/","url":"https:\/\/kaaniassistance.com\/wp-content\/uploads\/2023\/02\/cropped-HR-sans-fond-01.png","contentUrl":"https:\/\/kaaniassistance.com\/wp-content\/uploads\/2023\/02\/cropped-HR-sans-fond-01.png","width":1241,"height":612,"caption":"Kaani Assistance"},"image":{"@id":"https:\/\/kaaniassistance.com\/#\/schema\/logo\/image\/"}}]}},"campaignId":"","_links":{"self":[{"href":"https:\/\/kaaniassistance.com\/index.php\/wp-json\/wp\/v2\/pages\/494","targetHints":{"allow":["GET"]}}],"collection":[{"href":"https:\/\/kaaniassistance.com\/index.php\/wp-json\/wp\/v2\/pages"}],"about":[{"href":"https:\/\/kaaniassistance.com\/index.php\/wp-json\/wp\/v2\/types\/page"}],"author":[{"embeddable":true,"href":"https:\/\/kaaniassistance.com\/index.php\/wp-json\/wp\/v2\/users\/1"}],"replies":[{"embeddable":true,"href":"https:\/\/kaaniassistance.com\/index.php\/wp-json\/wp\/v2\/comments?post=494"}],"version-history":[{"count":24,"href":"https:\/\/kaaniassistance.com\/index.php\/wp-json\/wp\/v2\/pages\/494\/revisions"}],"predecessor-version":[{"id":727,"href":"https:\/\/kaaniassistance.com\/index.php\/wp-json\/wp\/v2\/pages\/494\/revisions\/727"}],"wp:attachment":[{"href":"https:\/\/kaaniassistance.com\/index.php\/wp-json\/wp\/v2\/media?parent=494"}],"curies":[{"name":"wp","href":"https:\/\/api.w.org\/{rel}","templated":true}]}}